{"id":4309,"date":"2023-03-29T00:09:28","date_gmt":"2023-03-29T00:09:28","guid":{"rendered":"https:\/\/drutex-ltd.com\/?page_id=4309"},"modified":"2023-04-01T22:10:55","modified_gmt":"2023-04-01T22:10:55","slug":"doplnky-pre-dvere-a-okna","status":"publish","type":"page","link":"https:\/\/drutex-ltd.com\/sk\/doplnky-pre-dvere-a-okna\/","title":{"rendered":"Doplnky pre dvere a okn\u00e1"},"content":{"rendered":"\t\t<div data-elementor-type=\"wp-page\" data-elementor-id=\"4309\" class=\"elementor elementor-4309 elementor-4264\">\n\t\t\t\t\t\t\t\t\t<section class=\"elementor-section elementor-top-section elementor-element elementor-element-8eb11bb elementor-section-boxed elementor-section-height-default elementor-section-height-default\" data-id=\"8eb11bb\" data-element_type=\"section\" data-settings=\"{&quot;jet_parallax_layout_list&quot;:[]}\">\n\t\t\t\t\t\t<div class=\"elementor-container elementor-column-gap-default\">\n\t\t\t\t\t<div class=\"elementor-column elementor-col-50 elementor-top-column elementor-element elementor-element-9810ade zoomcol\" data-id=\"9810ade\" data-element_type=\"column\">\n\t\t\t<div class=\"elementor-widget-wrap elementor-element-populated\">\n\t\t\t\t\t\t\t\t<div class=\"elementor-element elementor-element-759bd74 elementor-vertical-align-middle imgzoom elementor-position-top elementor-widget elementor-widget-image-box\" data-id=\"759bd74\" data-element_type=\"widget\" data-widget_type=\"image-box.default\">\n\t\t\t\t<div class=\"elementor-widget-container\">\n\t\t\t<style>\/*! elementor - v3.10.1 - 17-01-2023 *\/\n.elementor-widget-image-box .elementor-image-box-content{width:100%}@media (min-width:768px){.elementor-widget-image-box.elementor-position-left .elementor-image-box-wrapper,.elementor-widget-image-box.elementor-position-right .elementor-image-box-wrapper{display:flex}.elementor-widget-image-box.elementor-position-right .elementor-image-box-wrapper{text-align:right;flex-direction:row-reverse}.elementor-widget-image-box.elementor-position-left .elementor-image-box-wrapper{text-align:left;flex-direction:row}.elementor-widget-image-box.elementor-position-top .elementor-image-box-img{margin:auto}.elementor-widget-image-box.elementor-vertical-align-top .elementor-image-box-wrapper{align-items:flex-start}.elementor-widget-image-box.elementor-vertical-align-middle .elementor-image-box-wrapper{align-items:center}.elementor-widget-image-box.elementor-vertical-align-bottom .elementor-image-box-wrapper{align-items:flex-end}}@media (max-width:767px){.elementor-widget-image-box .elementor-image-box-img{margin-left:auto!important;margin-right:auto!important;margin-bottom:15px}}.elementor-widget-image-box .elementor-image-box-img{display:inline-block}.elementor-widget-image-box .elementor-image-box-title a{color:inherit}.elementor-widget-image-box .elementor-image-box-wrapper{text-align:center}.elementor-widget-image-box .elementor-image-box-description{margin:0}<\/style><div class=\"elementor-image-box-wrapper\"><figure class=\"elementor-image-box-img\"><a href=\"https:\/\/drutex-ltd.com\/sk\/skla\/\"><img decoding=\"async\" width=\"595\" height=\"288\" src=\"https:\/\/drutex-ltd.com\/wp-content\/uploads\/2023\/03\/glass.jpg\" class=\"attachment-large size-large wp-image-4269\" alt=\"\" srcset=\"https:\/\/drutex-ltd.com\/wp-content\/uploads\/2023\/03\/glass.jpg 595w, https:\/\/drutex-ltd.com\/wp-content\/uploads\/2023\/03\/glass-300x145.jpg 300w\" sizes=\"(max-width: 595px) 100vw, 595px\" \/><\/a><\/figure><div class=\"elementor-image-box-content\"><h3 class=\"elementor-image-box-title\"><a href=\"https:\/\/drutex-ltd.com\/sk\/skla\/\">Sklo<\/a><\/h3><\/div><\/div>\t\t<\/div>\n\t\t\t\t<\/div>\n\t\t\t\t\t<\/div>\n\t\t<\/div>\n\t\t\t\t<div class=\"elementor-column elementor-col-50 elementor-top-column elementor-element elementor-element-05f85f0\" data-id=\"05f85f0\" data-element_type=\"column\">\n\t\t\t<div class=\"elementor-widget-wrap elementor-element-populated\">\n\t\t\t\t\t\t\t\t<div class=\"elementor-element elementor-element-25669ed elementor-vertical-align-middle imgzoom elementor-position-top elementor-widget elementor-widget-image-box\" data-id=\"25669ed\" data-element_type=\"widget\" data-widget_type=\"image-box.default\">\n\t\t\t\t<div class=\"elementor-widget-container\">\n\t\t\t<div class=\"elementor-image-box-wrapper\"><figure class=\"elementor-image-box-img\"><a href=\"https:\/\/drutex-ltd.com\/sk\/farebna-skala\/\"><img decoding=\"async\" width=\"595\" height=\"288\" src=\"https:\/\/drutex-ltd.com\/wp-content\/uploads\/2023\/04\/colours-2.jpg\" class=\"attachment-large size-large wp-image-5115\" alt=\"\" srcset=\"https:\/\/drutex-ltd.com\/wp-content\/uploads\/2023\/04\/colours-2.jpg 595w, https:\/\/drutex-ltd.com\/wp-content\/uploads\/2023\/04\/colours-2-300x145.jpg 300w\" sizes=\"(max-width: 595px) 100vw, 595px\" \/><\/a><\/figure><div class=\"elementor-image-box-content\"><h3 class=\"elementor-image-box-title\"><a href=\"https:\/\/drutex-ltd.com\/sk\/farebna-skala\/\">Farebn\u00e1 \u0161k\u00e1la<\/a><\/h3><\/div><\/div>\t\t<\/div>\n\t\t\t\t<\/div>\n\t\t\t\t\t<\/div>\n\t\t<\/div>\n\t\t\t\t\t\t\t<\/div>\n\t\t<\/section>\n\t\t\t\t<section class=\"elementor-section elementor-top-section elementor-element elementor-element-bf4628c elementor-section-boxed elementor-section-height-default elementor-section-height-default\" data-id=\"bf4628c\" data-element_type=\"section\" data-settings=\"{&quot;jet_parallax_layout_list&quot;:[]}\">\n\t\t\t\t\t\t<div class=\"elementor-container elementor-column-gap-default\">\n\t\t\t\t\t<div class=\"elementor-column elementor-col-100 elementor-top-column elementor-element elementor-element-b18f2f1\" data-id=\"b18f2f1\" data-element_type=\"column\">\n\t\t\t<div class=\"elementor-widget-wrap elementor-element-populated\">\n\t\t\t\t\t\t\t\t<div class=\"elementor-element elementor-element-ba73230 elementor-widget elementor-widget-text-editor\" data-id=\"ba73230\" data-element_type=\"widget\" data-widget_type=\"text-editor.default\">\n\t\t\t\t<div class=\"elementor-widget-container\">\n\t\t\t<style>\/*! elementor - v3.10.1 - 17-01-2023 *\/\n.elementor-widget-text-editor.elementor-drop-cap-view-stacked .elementor-drop-cap{background-color:#818a91;color:#fff}.elementor-widget-text-editor.elementor-drop-cap-view-framed .elementor-drop-cap{color:#818a91;border:3px solid;background-color:transparent}.elementor-widget-text-editor:not(.elementor-drop-cap-view-default) .elementor-drop-cap{margin-top:8px}.elementor-widget-text-editor:not(.elementor-drop-cap-view-default) .elementor-drop-cap-letter{width:1em;height:1em}.elementor-widget-text-editor .elementor-drop-cap{float:left;text-align:center;line-height:1;font-size:50px}.elementor-widget-text-editor .elementor-drop-cap-letter{display:inline-block}<\/style>\t\t\t\t\t\t\t\t\t\t<\/div>\n\t\t\t\t<\/div>\n\t\t\t\t\t<\/div>\n\t\t<\/div>\n\t\t\t\t\t\t\t<\/div>\n\t\t<\/section>\n\t\t\t\t\t\t\t<\/div>\n\t\t","protected":false},"excerpt":{"rendered":"<p>Sklo Farebn\u00e1 \u0161k\u00e1la<\/p>\n","protected":false},"author":3,"featured_media":0,"parent":0,"menu_order":0,"comment_status":"closed","ping_status":"closed","template":"","meta":{"footnotes":""},"class_list":["post-4309","page","type-page","status-publish","hentry"],"yoast_head":"<!-- This site is optimized with the Yoast SEO plugin v19.14 - https:\/\/yoast.com\/wordpress\/plugins\/seo\/ -->\n<title>Doplnky pre dvere a okn\u00e1 - Drutex<\/title>\n<meta name=\"robots\" content=\"index, follow, max-snippet:-1, max-image-preview:large, max-video-preview:-1\" \/>\n<link rel=\"canonical\" href=\"https:\/\/drutex-ltd.com\/sk\/doplnky-pre-dvere-a-okna\/\" \/>\n<meta property=\"og:locale\" content=\"sk_SK\" \/>\n<meta property=\"og:type\" content=\"article\" \/>\n<meta property=\"og:title\" content=\"Doplnky pre dvere a okn\u00e1 - Drutex\" \/>\n<meta property=\"og:description\" content=\"Sklo Farebn\u00e1 \u0161k\u00e1la\" \/>\n<meta property=\"og:url\" content=\"https:\/\/drutex-ltd.com\/sk\/doplnky-pre-dvere-a-okna\/\" \/>\n<meta property=\"og:site_name\" content=\"Drutex\" \/>\n<meta property=\"article:modified_time\" content=\"2023-04-01T22:10:55+00:00\" \/>\n<meta property=\"og:image\" content=\"https:\/\/drutex-ltd.com\/wp-content\/uploads\/2023\/03\/glass.jpg\" \/>\n<meta name=\"twitter:card\" content=\"summary_large_image\" \/>\n<meta name=\"twitter:label1\" content=\"Predpokladan\u00fd \u010das \u010d\u00edtania\" \/>\n\t<meta name=\"twitter:data1\" content=\"1 min\u00fata\" \/>\n<script type=\"application\/ld+json\" class=\"yoast-schema-graph\">{\"@context\":\"https:\/\/schema.org\",\"@graph\":[{\"@type\":\"WebPage\",\"@id\":\"https:\/\/drutex-ltd.com\/sk\/doplnky-pre-dvere-a-okna\/\",\"url\":\"https:\/\/drutex-ltd.com\/sk\/doplnky-pre-dvere-a-okna\/\",\"name\":\"Doplnky pre dvere a okn\u00e1 - Drutex\",\"isPartOf\":{\"@id\":\"https:\/\/drutex-ltd.com\/sk\/#website\"},\"datePublished\":\"2023-03-29T00:09:28+00:00\",\"dateModified\":\"2023-04-01T22:10:55+00:00\",\"breadcrumb\":{\"@id\":\"https:\/\/drutex-ltd.com\/sk\/doplnky-pre-dvere-a-okna\/#breadcrumb\"},\"inLanguage\":\"sk-SK\",\"potentialAction\":[{\"@type\":\"ReadAction\",\"target\":[\"https:\/\/drutex-ltd.com\/sk\/doplnky-pre-dvere-a-okna\/\"]}]},{\"@type\":\"BreadcrumbList\",\"@id\":\"https:\/\/drutex-ltd.com\/sk\/doplnky-pre-dvere-a-okna\/#breadcrumb\",\"itemListElement\":[{\"@type\":\"ListItem\",\"position\":1,\"name\":\"Kezd\u0151lap\",\"item\":\"https:\/\/drutex-ltd.com\/sk\/\"},{\"@type\":\"ListItem\",\"position\":2,\"name\":\"Doplnky pre dvere a okn\u00e1\"}]},{\"@type\":\"WebSite\",\"@id\":\"https:\/\/drutex-ltd.com\/sk\/#website\",\"url\":\"https:\/\/drutex-ltd.com\/sk\/\",\"name\":\"Drutex\",\"description\":\"Min\u0151s\u00e9gi term\u00e9kek j\u00f3 \u00e1ron \u00e9s GYORSAN! DRUTEX Eur\u00f3pa egyik legnagyobb ablakgy\u00e1rt\u00f3ja.\",\"potentialAction\":[{\"@type\":\"SearchAction\",\"target\":{\"@type\":\"EntryPoint\",\"urlTemplate\":\"https:\/\/drutex-ltd.com\/sk\/?s={search_term_string}\"},\"query-input\":\"required name=search_term_string\"}],\"inLanguage\":\"sk-SK\"}]}<\/script>\n<!-- \/ Yoast SEO plugin. -->","yoast_head_json":{"title":"Doplnky pre dvere a okn\u00e1 - Drutex","robots":{"index":"index","follow":"follow","max-snippet":"max-snippet:-1","max-image-preview":"max-image-preview:large","max-video-preview":"max-video-preview:-1"},"canonical":"https:\/\/drutex-ltd.com\/sk\/doplnky-pre-dvere-a-okna\/","og_locale":"sk_SK","og_type":"article","og_title":"Doplnky pre dvere a okn\u00e1 - Drutex","og_description":"Sklo Farebn\u00e1 \u0161k\u00e1la","og_url":"https:\/\/drutex-ltd.com\/sk\/doplnky-pre-dvere-a-okna\/","og_site_name":"Drutex","article_modified_time":"2023-04-01T22:10:55+00:00","og_image":[{"url":"https:\/\/drutex-ltd.com\/wp-content\/uploads\/2023\/03\/glass.jpg"}],"twitter_card":"summary_large_image","twitter_misc":{"Predpokladan\u00fd \u010das \u010d\u00edtania":"1 min\u00fata"},"schema":{"@context":"https:\/\/schema.org","@graph":[{"@type":"WebPage","@id":"https:\/\/drutex-ltd.com\/sk\/doplnky-pre-dvere-a-okna\/","url":"https:\/\/drutex-ltd.com\/sk\/doplnky-pre-dvere-a-okna\/","name":"Doplnky pre dvere a okn\u00e1 - Drutex","isPartOf":{"@id":"https:\/\/drutex-ltd.com\/sk\/#website"},"datePublished":"2023-03-29T00:09:28+00:00","dateModified":"2023-04-01T22:10:55+00:00","breadcrumb":{"@id":"https:\/\/drutex-ltd.com\/sk\/doplnky-pre-dvere-a-okna\/#breadcrumb"},"inLanguage":"sk-SK","potentialAction":[{"@type":"ReadAction","target":["https:\/\/drutex-ltd.com\/sk\/doplnky-pre-dvere-a-okna\/"]}]},{"@type":"BreadcrumbList","@id":"https:\/\/drutex-ltd.com\/sk\/doplnky-pre-dvere-a-okna\/#breadcrumb","itemListElement":[{"@type":"ListItem","position":1,"name":"Kezd\u0151lap","item":"https:\/\/drutex-ltd.com\/sk\/"},{"@type":"ListItem","position":2,"name":"Doplnky pre dvere a okn\u00e1"}]},{"@type":"WebSite","@id":"https:\/\/drutex-ltd.com\/sk\/#website","url":"https:\/\/drutex-ltd.com\/sk\/","name":"Drutex","description":"Min\u0151s\u00e9gi term\u00e9kek j\u00f3 \u00e1ron \u00e9s GYORSAN! DRUTEX Eur\u00f3pa egyik legnagyobb ablakgy\u00e1rt\u00f3ja.","potentialAction":[{"@type":"SearchAction","target":{"@type":"EntryPoint","urlTemplate":"https:\/\/drutex-ltd.com\/sk\/?s={search_term_string}"},"query-input":"required name=search_term_string"}],"inLanguage":"sk-SK"}]}},"_links":{"self":[{"href":"https:\/\/drutex-ltd.com\/sk\/wp-json\/wp\/v2\/pages\/4309","targetHints":{"allow":["GET"]}}],"collection":[{"href":"https:\/\/drutex-ltd.com\/sk\/wp-json\/wp\/v2\/pages"}],"about":[{"href":"https:\/\/drutex-ltd.com\/sk\/wp-json\/wp\/v2\/types\/page"}],"author":[{"embeddable":true,"href":"https:\/\/drutex-ltd.com\/sk\/wp-json\/wp\/v2\/users\/3"}],"replies":[{"embeddable":true,"href":"https:\/\/drutex-ltd.com\/sk\/wp-json\/wp\/v2\/comments?post=4309"}],"version-history":[{"count":9,"href":"https:\/\/drutex-ltd.com\/sk\/wp-json\/wp\/v2\/pages\/4309\/revisions"}],"predecessor-version":[{"id":5130,"href":"https:\/\/drutex-ltd.com\/sk\/wp-json\/wp\/v2\/pages\/4309\/revisions\/5130"}],"wp:attachment":[{"href":"https:\/\/drutex-ltd.com\/sk\/wp-json\/wp\/v2\/media?parent=4309"}],"curies":[{"name":"wp","href":"https:\/\/api.w.org\/{rel}","templated":true}]}}