{"id":3465,"date":"2022-05-09T19:21:37","date_gmt":"2022-05-09T19:21:37","guid":{"rendered":"https:\/\/drutex-ltd.com\/?page_id=3465"},"modified":"2022-05-09T19:21:37","modified_gmt":"2022-05-09T19:21:37","slug":"cookie","status":"publish","type":"page","link":"https:\/\/drutex-ltd.com\/sk\/cookie\/","title":{"rendered":"Cookie"},"content":{"rendered":"<h3><strong>Pre\u010do pou\u017e\u00edvame s\u00fabory cookie?<\/strong><\/h3>\n<p>Str\u00e1nka pou\u017e\u00edva s\u00fabory cookie a \u010fal\u0161ie technol\u00f3gie sledovania, aby v\u00e1m poskytovala \u00fapln\u00fa funk\u010dnos\u0165 webovej lokality, prisp\u00f4sobila va\u0161e pou\u017e\u00edvate\u013esk\u00e9 prostredie, vykon\u00e1vala anal\u00fdzy a poskytovala prisp\u00f4soben\u00fa reklamu na svojej webovej lokalite, v aplik\u00e1ci\u00e1ch a v bulletinoch na internete a platform\u00e1ch soci\u00e1lnych m\u00e9di\u00ed.<\/p>\n<h3><strong>\u010co je to cookie?<\/strong><\/h3>\n<p>\u201eS\u00fabor cookie\u201c je mal\u00fd textov\u00fd s\u00fabor, ktor\u00fd sa pri pr\u00edstupe na na\u0161e webov\u00e9 str\u00e1nky s\u0165ahuje do v\u00e1\u0161ho zariadenia, napr\u00edklad do po\u010d\u00edta\u010da alebo smartf\u00f3nu.<\/p>\n<p>S\u00fabory cookie a \u010fal\u0161ie podobn\u00e9 technol\u00f3gie pou\u017e\u00edvame na zabezpe\u010denie efekt\u00edvneho fungovania na\u0161ej webovej lokality a zlep\u0161enie prisp\u00f4soben\u00e9ho pou\u017e\u00edvate\u013esk\u00e9ho prostredia.<\/p>\n<p>Pri odkazovan\u00ed na s\u00fabory cookie zah\u0155\u0148ame:<\/p>\n<ul>\n<li>s\u00fabory cookie prvje a tretej strany,<\/li>\n<li>sledovacie pixely a doplnky vr\u00e1tane technol\u00f3gi\u00ed od nez\u00e1visl\u00fdch vydavate\u013eov,<\/li>\n<li>in\u00e9 sledovacie technol\u00f3gie.<\/li>\n<\/ul>\n<div><\/div>\n<p>V\u0161etky s\u00fabory cookie maj\u00fa vydavate\u013ea a tento \u00fadaj v\u00e1s informuje o tom, komu dan\u00fd s\u00fabor cookie patr\u00ed. Vydavate\u013e je vlastn\u00edkom dom\u00e9ny uvedenej v s\u00fabore cookie. Pri ka\u017edej n\u00e1v\u0161teve na\u0161ej webovej lokality v\u00e1m do zariadenia z r\u00f4znych d\u00f4vodov ulo\u017e\u00edme s\u00fabory cookie. Tak\u00e9to s\u00fabory cookie sa ozna\u010duj\u00fa ako s\u00fabory cookie \u201eprvej strany\u201c, zatia\u013e \u010do s\u00fabory cookie nastaven\u00e9 nez\u00e1vislou spolo\u010dnos\u0165ou, ako s\u00fa napr\u00edklad platformy soci\u00e1lnych m\u00e9di\u00ed alebo poskytovatelia reklamn\u00fdch siet\u00ed \u010di reklamn\u00fdch technol\u00f3gi\u00ed, sa ozna\u010duj\u00fa ako s\u00fabory cookie \u201etretej strany\u201c.<\/p>\n<p>Ni\u017e\u0161ie n\u00e1jdete podrobnej\u0161ie inform\u00e1cie o na\u0161ich s\u00faboroch cookie a d\u00f4vode ich pou\u017e\u00edvania.<\/p>\n<h3><strong>Ako mo\u017eno odvola\u0165 s\u00fahlas s pou\u017e\u00edvan\u00edm s\u00faborov cookie?<\/strong><\/h3>\n<p>In\u00e9 ako z\u00e1kladn\u00e9 s\u00fabory cookie m\u00f4\u017eete kedyko\u013evek deaktivova\u0165 odvolan\u00edm s\u00fahlasu. Svoj s\u00fahlas so s\u00fabormi cookie m\u00f4\u017eete spravova\u0165 v \u010dasti\u00a0 Nastavenia s\u00faborov cookie\u00a0 v dolnej \u010dasti tejto webovej lokality.<\/p>\n<p>Okrem odvolania s\u00fahlasu m\u00f4\u017eete prehliada\u010du jednoducho zabr\u00e1ni\u0165 v prijat\u00ed s\u00faborov cookie konfigur\u00e1ciou nastaven\u00ed s\u00faborov cookie v prehliada\u010di.<\/p>\n<ul>\n<li><a href=\"https:\/\/support.google.com\/accounts\/answer\/61416?hl=sk\">Chrome<\/a><\/li>\n<li><a href=\"https:\/\/support.mozilla.org\/sk\/kb\/povolenie-zakazanie-cookies\">Firefox<\/a><\/li>\n<li><a href=\"https:\/\/support.microsoft.com\/sk-sk\/help\/17442\/windows-internet-explorer-delete-manage-cookies\">Internet Explorer<\/a><\/li>\n<\/ul>\n<p>V\u0161etky komer\u010dn\u00e9 webov\u00e9 prehliada\u010de s\u00fa vybaven\u00e9 funkciou spr\u00e1vy s\u00faborov cookie.<\/p>\n<p>Skontrolujte svoj webov\u00fd prehliada\u010d a zistite viac o tom, ako odstr\u00e1ni\u0165 alebo zak\u00e1za\u0165 s\u00fabory cookie at\u010f.<\/p>\n<p>Ak sa rozhodnete s\u00fabory cookie zak\u00e1za\u0165, m\u00f4\u017ee d\u00f4js\u0165 k obmedzeniu funk\u010dnosti a zhor\u0161en\u00e9mu pou\u017e\u00edvaniu.<\/p>\n<h3><strong>Ak\u00e9 typy s\u00faborov cookie pou\u017e\u00edvame a pre\u010do?<\/strong><\/h3>\n<p class=\"p1\"><b>Marketingov\u00e9 s\u00fabory cookie<\/b><\/p>\n<p class=\"p3\">Ke\u010f prijmete marketingov\u00e9 s\u00fabory cookie, udel\u00edte n\u00e1m t\u00fdm s\u00fahlas na umiestnenie s\u00faborov cookie do v\u00e1\u0161ho zariadenia, aby sme v\u00e1m mohli poskytova\u0165 relevantn\u00fd obsah, ktor\u00fd vyhovuje va\u0161im z\u00e1ujmom. Tieto s\u00fabory cookie m\u00f4\u017eu na na\u0161u lokalitu umiestni\u0165 na\u0161i reklamn\u00ed partneri alebo my osobne s cie\u013eom vytvori\u0165 profil va\u0161ich z\u00e1ujmov a ukazova\u0165 v\u00e1m relevantn\u00fd obsah t\u00fdkaj\u00faci sa na\u0161ich lokal\u00edt a lokal\u00edt extern\u00fdch subjektov. Na to, aby sme v\u00e1m mohli poskytova\u0165 obsah, ktor\u00fd vyhovuje va\u0161im z\u00e1ujmom, pou\u017eijeme va\u0161e interakcie v s\u00favislosti s osobn\u00fdmi inform\u00e1ciami, ktor\u00e9 ste uviedli na na\u0161ej lokalite. V snahe predstavi\u0165 v\u00e1m relevantn\u00fd obsah na extern\u00fdch lokalit\u00e1ch budeme zdie\u013ea\u0165 tieto inform\u00e1cie a identifik\u00e1tor z\u00e1kazn\u00edka, ako je napr\u00edklad \u0161ifrovan\u00e1 e-mailov\u00e1 adresa alebo ID zariadenia, s extern\u00fdmi subjektmi, ako s\u00fa napr\u00edklad reklamn\u00e9 platformy alebo soci\u00e1lne siete. V snahe prinies\u0165 v\u00e1m \u010do najzauj\u00edmavej\u0161\u00ed obsah m\u00f4\u017eeme tieto d\u00e1ta prepoji\u0165 naprie\u010d r\u00f4znymi zariadeniami, ktor\u00e9 pou\u017e\u00edvate. Ak sa rozhodnete neprija\u0165 marketingov\u00e9 s\u00fabory cookie, neumiestnime tieto s\u00fabory cookie do v\u00e1\u0161ho zariadenia a vy od n\u00e1s mo\u017eno budete dost\u00e1va\u0165 menej relevantn\u00fd obsah.<\/p>\n<p class=\"p3\"><\/p>\n<p class=\"p1\"><b>V\u00fdkonnostn\u00e9 \/ analytick\u00e9 s\u00fabory cookie<\/b><\/p>\n<p class=\"p3\">Tieto s\u00fabory cookie n\u00e1m umo\u017e\u0148uj\u00fa po\u010d\u00edta\u0165 n\u00e1v\u0161tevy a sledova\u0165 pohyb pou\u017e\u00edvate\u013eov na str\u00e1nkach. M\u00f4\u017eeme tak z\u00edskava\u0165 inform\u00e1cie napr\u00edklad o tom, ktor\u00e9 str\u00e1nky s\u00fa najob\u013e\u00fabenej\u0161ie, a zisti\u0165, ako sa n\u00e1v\u0161tevn\u00edci pohybuj\u00fa na lokalite. V\u0161etky inform\u00e1cie zhroma\u017e\u010fovan\u00e9 t\u00fdmito s\u00fabormi cookie s\u00fa agregovan\u00e9 a anonymn\u00e9. Ak tieto s\u00fabory cookie nepovol\u00edte, nebudeme v\u00e1m m\u00f4c\u0165 prisp\u00f4sobi\u0165 prostredie lokality.<\/p>\n<p class=\"p3\"><table class=\"wt-cli-element cookielawinfo-row-cat-table cookielawinfo-classic\"><thead><tr><th scope=\"col\" class=\"cookielawinfo-column-1\">Su\u0161enka<\/th><th scope=\"col\" class=\"cookielawinfo-column-2\">Typ<\/th><th scope=\"col\" class=\"cookielawinfo-column-3\">Trvanie<\/th><th scope=\"col\" class=\"cookielawinfo-column-4\">Popis<\/th><\/tr><\/thead><tbody><tr class=\"cookielawinfo-row\"><td class=\"cookielawinfo-column-1\">_ga<\/td><td class=\"cookielawinfo-column-2\"><\/td><td class=\"cookielawinfo-column-3\">2 years<\/td><td class=\"cookielawinfo-column-4\">The _ga cookie, installed by Google Analytics, calculates visitor, session and campaign data and also keeps track of site usage for the site's analytics report. The cookie stores information anonymously and assigns a randomly generated number to recognize unique visitors.<\/td><\/tr><tr class=\"cookielawinfo-row\"><td class=\"cookielawinfo-column-1\">_ga_4LZGQZCGSQ<\/td><td class=\"cookielawinfo-column-2\"><\/td><td class=\"cookielawinfo-column-3\">2 years<\/td><td class=\"cookielawinfo-column-4\">This cookie is installed by Google Analytics.<\/td><\/tr><\/tbody><\/table><\/p>\n<p class=\"p1\"><b>S\u00fabory cookie s\u00favisiace s funk\u010dnos\u0165ou<\/b><\/p>\n<p class=\"p3\">Tieto s\u00fabory cookie umo\u017e\u0148uj\u00fa webovej lokalite poskytova\u0165 roz\u0161\u00edren\u00e9 funkcie a prisp\u00f4sobi\u0165 prostredie. M\u00f4\u017eeme ich nastavova\u0165 my alebo nez\u00e1visl\u00ed partneri, ktor\u00fdch slu\u017eby sme pridali na na\u0161e str\u00e1nky. Ak tieto s\u00fabory cookie nepovol\u00edte, niektor\u00e9 alebo v\u0161etky tieto slu\u017eby nemusia fungova\u0165 spr\u00e1vne.<\/p>\n<p class=\"p3\"><\/p>\n<p class=\"p1\"><b>Nevyhnutn\u00e9 s\u00fabory cookie<\/b><\/p>\n<p class=\"p3\">Tieto s\u00fabory cookie s\u00fa potrebn\u00e9 na poskytovanie na\u0161ich slu\u017eieb a\u00a0nedaj\u00fa sa vypn\u00fa\u0165. Zvy\u010dajne sa nastavuj\u00fa len na z\u00e1klade akci\u00ed, ktor\u00e9 ste vykonali, ako je napr\u00edklad vytvorenie \u00fa\u010dtu alebo ulo\u017eenie zoznamu prian\u00ed na nesk\u00f4r. Prehliada\u010d si m\u00f4\u017eete nastavi\u0165 tak, aby tieto s\u00fabory cookie zablokoval alebo v\u00e1s na ne upozor\u0148oval, \u010do v\u0161ak m\u00f4\u017ee sp\u00f4sobi\u0165, \u017ee niektor\u00e9 \u010dasti lokality nebud\u00fa fungova\u0165. V\u00a0t\u00fdchto s\u00faboroch sa neukladaj\u00fa \u017eiadne osobn\u00e9 \u00fadaje umo\u017e\u0148uj\u00face identifik\u00e1ciu konkr\u00e9tnych os\u00f4b.<br \/>\n<table class=\"wt-cli-element cookielawinfo-row-cat-table cookielawinfo-classic\"><thead><tr><th scope=\"col\" class=\"cookielawinfo-column-1\">Su\u0161enka<\/th><th scope=\"col\" class=\"cookielawinfo-column-2\">Typ<\/th><th scope=\"col\" class=\"cookielawinfo-column-3\">Trvanie<\/th><th scope=\"col\" class=\"cookielawinfo-column-4\">Popis<\/th><\/tr><\/thead><tbody><tr class=\"cookielawinfo-row\"><td class=\"cookielawinfo-column-1\">cookielawinfo-checkbox-advertisement<\/td><td class=\"cookielawinfo-column-2\"><\/td><td class=\"cookielawinfo-column-3\">1 year<\/td><td class=\"cookielawinfo-column-4\">Set by the GDPR Cookie Consent plugin, this cookie is used to record the user consent for the cookies in the \"Advertisement\" category .<\/td><\/tr><tr class=\"cookielawinfo-row\"><td class=\"cookielawinfo-column-1\">cookielawinfo-checkbox-analytics<\/td><td class=\"cookielawinfo-column-2\">0<\/td><td class=\"cookielawinfo-column-3\">11 months<\/td><td class=\"cookielawinfo-column-4\">This cookie is set by GDPR Cookie Consent plugin. The cookie is used to store the user consent for the cookies in the category \"Analytics\".<\/td><\/tr><tr class=\"cookielawinfo-row\"><td class=\"cookielawinfo-column-1\">cookielawinfo-checkbox-functional<\/td><td class=\"cookielawinfo-column-2\">0<\/td><td class=\"cookielawinfo-column-3\">11 months<\/td><td class=\"cookielawinfo-column-4\">The cookie is set by GDPR cookie consent to record the user consent for the cookies in the category \"Functional\".<\/td><\/tr><tr class=\"cookielawinfo-row\"><td class=\"cookielawinfo-column-1\">cookielawinfo-checkbox-necessary<\/td><td class=\"cookielawinfo-column-2\">0<\/td><td class=\"cookielawinfo-column-3\">11 months<\/td><td class=\"cookielawinfo-column-4\">This cookie is set by GDPR Cookie Consent plugin. The cookies is used to store the user consent for the cookies in the category \"Necessary\".<\/td><\/tr><tr class=\"cookielawinfo-row\"><td class=\"cookielawinfo-column-1\">cookielawinfo-checkbox-others<\/td><td class=\"cookielawinfo-column-2\">0<\/td><td class=\"cookielawinfo-column-3\">11 months<\/td><td class=\"cookielawinfo-column-4\">This cookie is set by GDPR Cookie Consent plugin. The cookie is used to store the user consent for the cookies in the category \"Other.<\/td><\/tr><tr class=\"cookielawinfo-row\"><td class=\"cookielawinfo-column-1\">cookielawinfo-checkbox-performance<\/td><td class=\"cookielawinfo-column-2\">0<\/td><td class=\"cookielawinfo-column-3\">11 months<\/td><td class=\"cookielawinfo-column-4\">This cookie is set by GDPR Cookie Consent plugin. The cookie is used to store the user consent for the cookies in the category \"Performance\".<\/td><\/tr><tr class=\"cookielawinfo-row\"><td class=\"cookielawinfo-column-1\">CookieLawInfoConsent<\/td><td class=\"cookielawinfo-column-2\"><\/td><td class=\"cookielawinfo-column-3\">1 year<\/td><td class=\"cookielawinfo-column-4\">Records the default button state of the corresponding category & the status of CCPA. It works only in coordination with the primary cookie.<\/td><\/tr><tr class=\"cookielawinfo-row\"><td class=\"cookielawinfo-column-1\">elementor<\/td><td class=\"cookielawinfo-column-2\"><\/td><td class=\"cookielawinfo-column-3\">never<\/td><td class=\"cookielawinfo-column-4\">This cookie is used by the website's WordPress theme. It allows the website owner to implement or change the website's content in real-time.<\/td><\/tr><tr class=\"cookielawinfo-row\"><td class=\"cookielawinfo-column-1\">viewed_cookie_policy<\/td><td class=\"cookielawinfo-column-2\">0<\/td><td class=\"cookielawinfo-column-3\">11 months<\/td><td class=\"cookielawinfo-column-4\">The cookie is set by the GDPR Cookie Consent plugin and is used to store whether or not user has consented to the use of cookies. It does not store any personal data.<\/td><\/tr><\/tbody><\/table><\/p>\n<p class=\"p1\"><b>Ostatn\u00e9 s\u00fabory<\/b><\/p>\n<p class=\"p3\">Ostatn\u00e9 nekategorizovan\u00e9 s\u00fabory cookie s\u00fa tie, ktor\u00e9 sa analyzuj\u00fa a e\u0161te neboli zaraden\u00e9 do \u017eiadnej kateg\u00f3rie.<\/p>\n<p class=\"p3\"><b><\/b><\/p>\n","protected":false},"excerpt":{"rendered":"<p>Pre\u010do pou\u017e\u00edvame s\u00fabory cookie? Str\u00e1nka pou\u017e\u00edva s\u00fabory cookie a \u010fal\u0161ie technol\u00f3gie sledovania, aby v\u00e1m poskytovala \u00fapln\u00fa funk\u010dnos\u0165 webovej lokality, prisp\u00f4sobila va\u0161e pou\u017e\u00edvate\u013esk\u00e9 prostredie, vykon\u00e1vala anal\u00fdzy a poskytovala prisp\u00f4soben\u00fa reklamu na svojej webovej lokalite, v aplik\u00e1ci\u00e1ch a v bulletinoch na internete a platform\u00e1ch soci\u00e1lnych m\u00e9di\u00ed. \u010co je to cookie? \u201eS\u00fabor cookie\u201c je mal\u00fd textov\u00fd s\u00fabor, ktor\u00fd [&hellip;]<\/p>\n","protected":false},"author":1,"featured_media":0,"parent":0,"menu_order":0,"comment_status":"closed","ping_status":"closed","template":"","meta":{"footnotes":""},"class_list":["post-3465","page","type-page","status-publish","hentry"],"yoast_head":"<!-- This site is optimized with the Yoast SEO plugin v19.14 - https:\/\/yoast.com\/wordpress\/plugins\/seo\/ -->\n<title>Cookie - Drutex<\/title>\n<meta name=\"robots\" content=\"index, follow, max-snippet:-1, max-image-preview:large, max-video-preview:-1\" \/>\n<link rel=\"canonical\" href=\"https:\/\/drutex-ltd.com\/sk\/cookie\/\" \/>\n<meta property=\"og:locale\" content=\"sk_SK\" \/>\n<meta property=\"og:type\" content=\"article\" \/>\n<meta property=\"og:title\" content=\"Cookie - Drutex\" \/>\n<meta property=\"og:description\" content=\"Pre\u010do pou\u017e\u00edvame s\u00fabory cookie? Str\u00e1nka pou\u017e\u00edva s\u00fabory cookie a \u010fal\u0161ie technol\u00f3gie sledovania, aby v\u00e1m poskytovala \u00fapln\u00fa funk\u010dnos\u0165 webovej lokality, prisp\u00f4sobila va\u0161e pou\u017e\u00edvate\u013esk\u00e9 prostredie, vykon\u00e1vala anal\u00fdzy a poskytovala prisp\u00f4soben\u00fa reklamu na svojej webovej lokalite, v aplik\u00e1ci\u00e1ch a v bulletinoch na internete a platform\u00e1ch soci\u00e1lnych m\u00e9di\u00ed. \u010co je to cookie? \u201eS\u00fabor cookie\u201c je mal\u00fd textov\u00fd s\u00fabor, ktor\u00fd [&hellip;]\" \/>\n<meta property=\"og:url\" content=\"https:\/\/drutex-ltd.com\/sk\/cookie\/\" \/>\n<meta property=\"og:site_name\" content=\"Drutex\" \/>\n<meta name=\"twitter:card\" content=\"summary_large_image\" \/>\n<meta name=\"twitter:label1\" content=\"Predpokladan\u00fd \u010das \u010d\u00edtania\" \/>\n\t<meta name=\"twitter:data1\" content=\"5 min\u00fat\" \/>\n<script type=\"application\/ld+json\" class=\"yoast-schema-graph\">{\"@context\":\"https:\/\/schema.org\",\"@graph\":[{\"@type\":\"WebPage\",\"@id\":\"https:\/\/drutex-ltd.com\/sk\/cookie\/\",\"url\":\"https:\/\/drutex-ltd.com\/sk\/cookie\/\",\"name\":\"Cookie - Drutex\",\"isPartOf\":{\"@id\":\"https:\/\/drutex-ltd.com\/sk\/#website\"},\"datePublished\":\"2022-05-09T19:21:37+00:00\",\"dateModified\":\"2022-05-09T19:21:37+00:00\",\"breadcrumb\":{\"@id\":\"https:\/\/drutex-ltd.com\/sk\/cookie\/#breadcrumb\"},\"inLanguage\":\"sk-SK\",\"potentialAction\":[{\"@type\":\"ReadAction\",\"target\":[\"https:\/\/drutex-ltd.com\/sk\/cookie\/\"]}]},{\"@type\":\"BreadcrumbList\",\"@id\":\"https:\/\/drutex-ltd.com\/sk\/cookie\/#breadcrumb\",\"itemListElement\":[{\"@type\":\"ListItem\",\"position\":1,\"name\":\"Kezd\u0151lap\",\"item\":\"https:\/\/drutex-ltd.com\/sk\/\"},{\"@type\":\"ListItem\",\"position\":2,\"name\":\"Cookie\"}]},{\"@type\":\"WebSite\",\"@id\":\"https:\/\/drutex-ltd.com\/sk\/#website\",\"url\":\"https:\/\/drutex-ltd.com\/sk\/\",\"name\":\"Drutex\",\"description\":\"Min\u0151s\u00e9gi term\u00e9kek j\u00f3 \u00e1ron \u00e9s GYORSAN! DRUTEX Eur\u00f3pa egyik legnagyobb ablakgy\u00e1rt\u00f3ja.\",\"potentialAction\":[{\"@type\":\"SearchAction\",\"target\":{\"@type\":\"EntryPoint\",\"urlTemplate\":\"https:\/\/drutex-ltd.com\/sk\/?s={search_term_string}\"},\"query-input\":\"required name=search_term_string\"}],\"inLanguage\":\"sk-SK\"}]}<\/script>\n<!-- \/ Yoast SEO plugin. -->","yoast_head_json":{"title":"Cookie - Drutex","robots":{"index":"index","follow":"follow","max-snippet":"max-snippet:-1","max-image-preview":"max-image-preview:large","max-video-preview":"max-video-preview:-1"},"canonical":"https:\/\/drutex-ltd.com\/sk\/cookie\/","og_locale":"sk_SK","og_type":"article","og_title":"Cookie - Drutex","og_description":"Pre\u010do pou\u017e\u00edvame s\u00fabory cookie? Str\u00e1nka pou\u017e\u00edva s\u00fabory cookie a \u010fal\u0161ie technol\u00f3gie sledovania, aby v\u00e1m poskytovala \u00fapln\u00fa funk\u010dnos\u0165 webovej lokality, prisp\u00f4sobila va\u0161e pou\u017e\u00edvate\u013esk\u00e9 prostredie, vykon\u00e1vala anal\u00fdzy a poskytovala prisp\u00f4soben\u00fa reklamu na svojej webovej lokalite, v aplik\u00e1ci\u00e1ch a v bulletinoch na internete a platform\u00e1ch soci\u00e1lnych m\u00e9di\u00ed. \u010co je to cookie? \u201eS\u00fabor cookie\u201c je mal\u00fd textov\u00fd s\u00fabor, ktor\u00fd [&hellip;]","og_url":"https:\/\/drutex-ltd.com\/sk\/cookie\/","og_site_name":"Drutex","twitter_card":"summary_large_image","twitter_misc":{"Predpokladan\u00fd \u010das \u010d\u00edtania":"5 min\u00fat"},"schema":{"@context":"https:\/\/schema.org","@graph":[{"@type":"WebPage","@id":"https:\/\/drutex-ltd.com\/sk\/cookie\/","url":"https:\/\/drutex-ltd.com\/sk\/cookie\/","name":"Cookie - Drutex","isPartOf":{"@id":"https:\/\/drutex-ltd.com\/sk\/#website"},"datePublished":"2022-05-09T19:21:37+00:00","dateModified":"2022-05-09T19:21:37+00:00","breadcrumb":{"@id":"https:\/\/drutex-ltd.com\/sk\/cookie\/#breadcrumb"},"inLanguage":"sk-SK","potentialAction":[{"@type":"ReadAction","target":["https:\/\/drutex-ltd.com\/sk\/cookie\/"]}]},{"@type":"BreadcrumbList","@id":"https:\/\/drutex-ltd.com\/sk\/cookie\/#breadcrumb","itemListElement":[{"@type":"ListItem","position":1,"name":"Kezd\u0151lap","item":"https:\/\/drutex-ltd.com\/sk\/"},{"@type":"ListItem","position":2,"name":"Cookie"}]},{"@type":"WebSite","@id":"https:\/\/drutex-ltd.com\/sk\/#website","url":"https:\/\/drutex-ltd.com\/sk\/","name":"Drutex","description":"Min\u0151s\u00e9gi term\u00e9kek j\u00f3 \u00e1ron \u00e9s GYORSAN! DRUTEX Eur\u00f3pa egyik legnagyobb ablakgy\u00e1rt\u00f3ja.","potentialAction":[{"@type":"SearchAction","target":{"@type":"EntryPoint","urlTemplate":"https:\/\/drutex-ltd.com\/sk\/?s={search_term_string}"},"query-input":"required name=search_term_string"}],"inLanguage":"sk-SK"}]}},"_links":{"self":[{"href":"https:\/\/drutex-ltd.com\/sk\/wp-json\/wp\/v2\/pages\/3465","targetHints":{"allow":["GET"]}}],"collection":[{"href":"https:\/\/drutex-ltd.com\/sk\/wp-json\/wp\/v2\/pages"}],"about":[{"href":"https:\/\/drutex-ltd.com\/sk\/wp-json\/wp\/v2\/types\/page"}],"author":[{"embeddable":true,"href":"https:\/\/drutex-ltd.com\/sk\/wp-json\/wp\/v2\/users\/1"}],"replies":[{"embeddable":true,"href":"https:\/\/drutex-ltd.com\/sk\/wp-json\/wp\/v2\/comments?post=3465"}],"version-history":[{"count":1,"href":"https:\/\/drutex-ltd.com\/sk\/wp-json\/wp\/v2\/pages\/3465\/revisions"}],"predecessor-version":[{"id":3466,"href":"https:\/\/drutex-ltd.com\/sk\/wp-json\/wp\/v2\/pages\/3465\/revisions\/3466"}],"wp:attachment":[{"href":"https:\/\/drutex-ltd.com\/sk\/wp-json\/wp\/v2\/media?parent=3465"}],"curies":[{"name":"wp","href":"https:\/\/api.w.org\/{rel}","templated":true}]}}