{"id":3380,"date":"2022-01-27T14:29:38","date_gmt":"2022-01-27T14:29:38","guid":{"rendered":"https:\/\/drutex-ltd.com\/kezdolap\/"},"modified":"2024-07-03T11:26:25","modified_gmt":"2024-07-03T11:26:25","slug":"kezdolap","status":"publish","type":"page","link":"https:\/\/drutex-ltd.com\/sk\/","title":{"rendered":"Domov"},"content":{"rendered":"\t\t<div data-elementor-type=\"wp-page\" data-elementor-id=\"3380\" class=\"elementor elementor-3380 elementor-8\">\n\t\t\t\t\t\t\t\t\t<section class=\"elementor-section elementor-top-section elementor-element elementor-element-703d7d1 elementor-section-boxed elementor-section-height-default elementor-section-height-default\" data-id=\"703d7d1\" data-element_type=\"section\" data-settings=\"{&quot;jet_parallax_layout_list&quot;:[{&quot;jet_parallax_layout_image&quot;:{&quot;url&quot;:&quot;&quot;,&quot;id&quot;:&quot;&quot;},&quot;_id&quot;:&quot;04e05ec&quot;,&quot;jet_parallax_layout_image_tablet&quot;:{&quot;url&quot;:&quot;&quot;,&quot;id&quot;:&quot;&quot;},&quot;jet_parallax_layout_image_mobile&quot;:{&quot;url&quot;:&quot;&quot;,&quot;id&quot;:&quot;&quot;},&quot;jet_parallax_layout_speed&quot;:{&quot;unit&quot;:&quot;%&quot;,&quot;size&quot;:50,&quot;sizes&quot;:[]},&quot;jet_parallax_layout_type&quot;:&quot;scroll&quot;,&quot;jet_parallax_layout_direction&quot;:null,&quot;jet_parallax_layout_fx_direction&quot;:null,&quot;jet_parallax_layout_z_index&quot;:&quot;&quot;,&quot;jet_parallax_layout_bg_x&quot;:50,&quot;jet_parallax_layout_bg_x_tablet&quot;:&quot;&quot;,&quot;jet_parallax_layout_bg_x_mobile&quot;:&quot;&quot;,&quot;jet_parallax_layout_bg_y&quot;:50,&quot;jet_parallax_layout_bg_y_tablet&quot;:&quot;&quot;,&quot;jet_parallax_layout_bg_y_mobile&quot;:&quot;&quot;,&quot;jet_parallax_layout_bg_size&quot;:&quot;auto&quot;,&quot;jet_parallax_layout_bg_size_tablet&quot;:&quot;&quot;,&quot;jet_parallax_layout_bg_size_mobile&quot;:&quot;&quot;,&quot;jet_parallax_layout_animation_prop&quot;:&quot;transform&quot;,&quot;jet_parallax_layout_on&quot;:[&quot;desktop&quot;,&quot;tablet&quot;]}]}\">\n\t\t\t\t\t\t<div class=\"elementor-container elementor-column-gap-default\">\n\t\t\t\t\t<div class=\"elementor-column elementor-col-100 elementor-top-column elementor-element elementor-element-f322250\" data-id=\"f322250\" data-element_type=\"column\">\n\t\t\t<div class=\"elementor-widget-wrap elementor-element-populated\">\n\t\t\t\t\t\t\t\t<div class=\"elementor-element elementor-element-3031f78 elementor-widget elementor-widget-shortcode\" data-id=\"3031f78\" data-element_type=\"widget\" data-widget_type=\"shortcode.default\">\n\t\t\t\t<div class=\"elementor-widget-container\">\n\t\t\t\t\t<div class=\"elementor-shortcode\"><\/div>\n\t\t\t\t<\/div>\n\t\t\t\t<\/div>\n\t\t\t\t\t<\/div>\n\t\t<\/div>\n\t\t\t\t\t\t\t<\/div>\n\t\t<\/section>\n\t\t\t\t\t\t\t<\/div>\n\t\t","protected":false},"excerpt":{"rendered":"","protected":false},"author":1,"featured_media":0,"parent":0,"menu_order":0,"comment_status":"closed","ping_status":"closed","template":"elementor_header_footer","meta":{"footnotes":""},"class_list":["post-3380","page","type-page","status-publish","hentry"],"yoast_head":"<!-- This site is optimized with the Yoast SEO plugin v19.14 - https:\/\/yoast.com\/wordpress\/plugins\/seo\/ -->\n<title>Domov - Drutex<\/title>\n<meta name=\"robots\" content=\"index, follow, max-snippet:-1, max-image-preview:large, max-video-preview:-1\" \/>\n<link rel=\"canonical\" href=\"https:\/\/drutex-ltd.com\/sk\/\" \/>\n<meta property=\"og:locale\" content=\"sk_SK\" \/>\n<meta property=\"og:type\" content=\"article\" \/>\n<meta property=\"og:title\" content=\"Domov - Drutex\" \/>\n<meta property=\"og:url\" content=\"https:\/\/drutex-ltd.com\/sk\/\" \/>\n<meta property=\"og:site_name\" content=\"Drutex\" \/>\n<meta property=\"article:modified_time\" content=\"2024-07-03T11:26:25+00:00\" \/>\n<meta name=\"twitter:card\" content=\"summary_large_image\" \/>\n<script type=\"application\/ld+json\" class=\"yoast-schema-graph\">{\"@context\":\"https:\/\/schema.org\",\"@graph\":[{\"@type\":\"WebPage\",\"@id\":\"https:\/\/drutex-ltd.com\/sk\/\",\"url\":\"https:\/\/drutex-ltd.com\/sk\/\",\"name\":\"Domov - Drutex\",\"isPartOf\":{\"@id\":\"https:\/\/drutex-ltd.com\/sk\/#website\"},\"datePublished\":\"2022-01-27T14:29:38+00:00\",\"dateModified\":\"2024-07-03T11:26:25+00:00\",\"breadcrumb\":{\"@id\":\"https:\/\/drutex-ltd.com\/sk\/#breadcrumb\"},\"inLanguage\":\"sk-SK\",\"potentialAction\":[{\"@type\":\"ReadAction\",\"target\":[\"https:\/\/drutex-ltd.com\/sk\/\"]}]},{\"@type\":\"BreadcrumbList\",\"@id\":\"https:\/\/drutex-ltd.com\/sk\/#breadcrumb\",\"itemListElement\":[{\"@type\":\"ListItem\",\"position\":1,\"name\":\"Kezd\u0151lap\",\"item\":\"https:\/\/drutex-ltd.com\/sk\/\"},{\"@type\":\"ListItem\",\"position\":2,\"name\":\"Domov\"}]},{\"@type\":\"WebSite\",\"@id\":\"https:\/\/drutex-ltd.com\/sk\/#website\",\"url\":\"https:\/\/drutex-ltd.com\/sk\/\",\"name\":\"Drutex\",\"description\":\"Min\u0151s\u00e9gi term\u00e9kek j\u00f3 \u00e1ron \u00e9s GYORSAN! DRUTEX Eur\u00f3pa egyik legnagyobb ablakgy\u00e1rt\u00f3ja.\",\"potentialAction\":[{\"@type\":\"SearchAction\",\"target\":{\"@type\":\"EntryPoint\",\"urlTemplate\":\"https:\/\/drutex-ltd.com\/sk\/?s={search_term_string}\"},\"query-input\":\"required name=search_term_string\"}],\"inLanguage\":\"sk-SK\"}]}<\/script>\n<!-- \/ Yoast SEO plugin. -->","yoast_head_json":{"title":"Domov - Drutex","robots":{"index":"index","follow":"follow","max-snippet":"max-snippet:-1","max-image-preview":"max-image-preview:large","max-video-preview":"max-video-preview:-1"},"canonical":"https:\/\/drutex-ltd.com\/sk\/","og_locale":"sk_SK","og_type":"article","og_title":"Domov - Drutex","og_url":"https:\/\/drutex-ltd.com\/sk\/","og_site_name":"Drutex","article_modified_time":"2024-07-03T11:26:25+00:00","twitter_card":"summary_large_image","schema":{"@context":"https:\/\/schema.org","@graph":[{"@type":"WebPage","@id":"https:\/\/drutex-ltd.com\/sk\/","url":"https:\/\/drutex-ltd.com\/sk\/","name":"Domov - Drutex","isPartOf":{"@id":"https:\/\/drutex-ltd.com\/sk\/#website"},"datePublished":"2022-01-27T14:29:38+00:00","dateModified":"2024-07-03T11:26:25+00:00","breadcrumb":{"@id":"https:\/\/drutex-ltd.com\/sk\/#breadcrumb"},"inLanguage":"sk-SK","potentialAction":[{"@type":"ReadAction","target":["https:\/\/drutex-ltd.com\/sk\/"]}]},{"@type":"BreadcrumbList","@id":"https:\/\/drutex-ltd.com\/sk\/#breadcrumb","itemListElement":[{"@type":"ListItem","position":1,"name":"Kezd\u0151lap","item":"https:\/\/drutex-ltd.com\/sk\/"},{"@type":"ListItem","position":2,"name":"Domov"}]},{"@type":"WebSite","@id":"https:\/\/drutex-ltd.com\/sk\/#website","url":"https:\/\/drutex-ltd.com\/sk\/","name":"Drutex","description":"Min\u0151s\u00e9gi term\u00e9kek j\u00f3 \u00e1ron \u00e9s GYORSAN! DRUTEX Eur\u00f3pa egyik legnagyobb ablakgy\u00e1rt\u00f3ja.","potentialAction":[{"@type":"SearchAction","target":{"@type":"EntryPoint","urlTemplate":"https:\/\/drutex-ltd.com\/sk\/?s={search_term_string}"},"query-input":"required name=search_term_string"}],"inLanguage":"sk-SK"}]}},"_links":{"self":[{"href":"https:\/\/drutex-ltd.com\/sk\/wp-json\/wp\/v2\/pages\/3380","targetHints":{"allow":["GET"]}}],"collection":[{"href":"https:\/\/drutex-ltd.com\/sk\/wp-json\/wp\/v2\/pages"}],"about":[{"href":"https:\/\/drutex-ltd.com\/sk\/wp-json\/wp\/v2\/types\/page"}],"author":[{"embeddable":true,"href":"https:\/\/drutex-ltd.com\/sk\/wp-json\/wp\/v2\/users\/1"}],"replies":[{"embeddable":true,"href":"https:\/\/drutex-ltd.com\/sk\/wp-json\/wp\/v2\/comments?post=3380"}],"version-history":[{"count":2,"href":"https:\/\/drutex-ltd.com\/sk\/wp-json\/wp\/v2\/pages\/3380\/revisions"}],"predecessor-version":[{"id":3385,"href":"https:\/\/drutex-ltd.com\/sk\/wp-json\/wp\/v2\/pages\/3380\/revisions\/3385"}],"wp:attachment":[{"href":"https:\/\/drutex-ltd.com\/sk\/wp-json\/wp\/v2\/media?parent=3380"}],"curies":[{"name":"wp","href":"https:\/\/api.w.org\/{rel}","templated":true}]}}