{"id":5672,"date":"2024-07-21T16:59:48","date_gmt":"2024-07-21T16:59:48","guid":{"rendered":"https:\/\/drutex-ltd.com\/about-us\/"},"modified":"2024-07-21T16:59:48","modified_gmt":"2024-07-21T16:59:48","slug":"about-us","status":"publish","type":"page","link":"https:\/\/drutex-ltd.com\/en\/about-us\/","title":{"rendered":"About us"},"content":{"rendered":"\t\t<div data-elementor-type=\"wp-page\" data-elementor-id=\"5672\" class=\"elementor elementor-5672 elementor-5666\">\n\t\t\t\t\t\t\t\t\t<section class=\"elementor-section elementor-top-section elementor-element elementor-element-41066ec elementor-section-boxed elementor-section-height-default elementor-section-height-default\" data-id=\"41066ec\" data-element_type=\"section\" data-settings=\"{&quot;jet_parallax_layout_list&quot;:[]}\">\n\t\t\t\t\t\t<div class=\"elementor-container elementor-column-gap-default\">\n\t\t\t\t\t<div class=\"elementor-column elementor-col-100 elementor-top-column elementor-element elementor-element-3a4e6f8\" data-id=\"3a4e6f8\" data-element_type=\"column\">\n\t\t\t<div class=\"elementor-widget-wrap elementor-element-populated\">\n\t\t\t\t\t\t\t\t<div class=\"elementor-element elementor-element-5262833 elementor-widget elementor-widget-text-editor\" data-id=\"5262833\" data-element_type=\"widget\" data-widget_type=\"text-editor.default\">\n\t\t\t\t<div class=\"elementor-widget-container\">\n\t\t\t<style>\/*! elementor - v3.10.1 - 17-01-2023 *\/\n.elementor-widget-text-editor.elementor-drop-cap-view-stacked .elementor-drop-cap{background-color:#818a91;color:#fff}.elementor-widget-text-editor.elementor-drop-cap-view-framed .elementor-drop-cap{color:#818a91;border:3px solid;background-color:transparent}.elementor-widget-text-editor:not(.elementor-drop-cap-view-default) .elementor-drop-cap{margin-top:8px}.elementor-widget-text-editor:not(.elementor-drop-cap-view-default) .elementor-drop-cap-letter{width:1em;height:1em}.elementor-widget-text-editor .elementor-drop-cap{float:left;text-align:center;line-height:1;font-size:50px}.elementor-widget-text-editor .elementor-drop-cap-letter{display:inline-block}<\/style>\t\t\t\t<h2><span lang=\"HU\">Company information<\/span><\/h2>\r\n<p class=\"MsoNormal\"><span lang=\"GB\">DRUTEX Ltd. has been selling DRUTEX windows and doors for more than 16 years. The parent company, DRUTEX S.A., is one of Europe&#8217;s largest manufacturers of doors and windows, and is a prominent player in the market with its high-quality products and decades of experience. DRUTEX Ltd. aims to achieve the highest level of customer satisfaction while offering premium quality products at competitive prices.<\/span><\/p>\r\n<p class=\"MsoNormal\"><span lang=\"GB\">DRUTEX Ltd. has a very wide range of products to satisfy the different needs of its customers, from mid-range products to premium quality windows and doors. Our products include plastic, wood, aluminium, wood-aluminium and plastic-aluminium combination windows and doors. The range includes simple windows, serious lift-and-slide terrace systems, folding systems, premium quality entrance doors, various types of shutters, blinds and pergolas.<\/span><\/p>\r\n<p class=\"MsoNormal\"><span lang=\"GB\">The company philosophy is based on continuous innovation, sustainability and commitment to quality. As a result, DRUTEX Ltd. is able to offer the highest quality not only in its products but also in its services.<\/span><\/p>\r\n<p class=\"MsoNormal\"><span lang=\"GB\">In our new showroom, visitors can see the product range and consult with our expert staff. Customers can see the quality of the products for themselves and choose the most suitable windows and doors for their needs.<\/span><\/p>\t\t\t\t\t\t<\/div>\n\t\t\t\t<\/div>\n\t\t\t\t\t<\/div>\n\t\t<\/div>\n\t\t\t\t\t\t\t<\/div>\n\t\t<\/section>\n\t\t\t\t\t\t\t<\/div>\n\t\t","protected":false},"excerpt":{"rendered":"<p>Company information DRUTEX Ltd. has been selling DRUTEX windows and doors for more than 16 years. The parent company, DRUTEX S.A., is one of Europe&#8217;s largest manufacturers of doors and windows, and is a prominent player in the market with its high-quality products and decades of experience. DRUTEX Ltd. aims to achieve the highest level [&hellip;]<\/p>\n","protected":false},"author":3,"featured_media":0,"parent":0,"menu_order":0,"comment_status":"closed","ping_status":"closed","template":"elementor_header_footer","meta":{"footnotes":""},"class_list":["post-5672","page","type-page","status-publish","hentry"],"yoast_head":"<!-- This site is optimized with the Yoast SEO plugin v19.14 - https:\/\/yoast.com\/wordpress\/plugins\/seo\/ -->\n<title>About us - Drutex<\/title>\n<meta name=\"robots\" content=\"index, follow, max-snippet:-1, max-image-preview:large, max-video-preview:-1\" \/>\n<link rel=\"canonical\" href=\"https:\/\/drutex-ltd.com\/en\/about-us\/\" \/>\n<meta property=\"og:locale\" content=\"en_US\" \/>\n<meta property=\"og:type\" content=\"article\" \/>\n<meta property=\"og:title\" content=\"About us - Drutex\" \/>\n<meta property=\"og:description\" content=\"Company information DRUTEX Ltd. has been selling DRUTEX windows and doors for more than 16 years. The parent company, DRUTEX S.A., is one of Europe&#8217;s largest manufacturers of doors and windows, and is a prominent player in the market with its high-quality products and decades of experience. DRUTEX Ltd. aims to achieve the highest level [&hellip;]\" \/>\n<meta property=\"og:url\" content=\"https:\/\/drutex-ltd.com\/en\/about-us\/\" \/>\n<meta property=\"og:site_name\" content=\"Drutex\" \/>\n<meta name=\"twitter:card\" content=\"summary_large_image\" \/>\n<meta name=\"twitter:label1\" content=\"Est. reading time\" \/>\n\t<meta name=\"twitter:data1\" content=\"1 minute\" \/>\n<script type=\"application\/ld+json\" class=\"yoast-schema-graph\">{\"@context\":\"https:\/\/schema.org\",\"@graph\":[{\"@type\":\"WebPage\",\"@id\":\"https:\/\/drutex-ltd.com\/en\/about-us\/\",\"url\":\"https:\/\/drutex-ltd.com\/en\/about-us\/\",\"name\":\"About us - Drutex\",\"isPartOf\":{\"@id\":\"https:\/\/drutex-ltd.com\/en\/#website\"},\"datePublished\":\"2024-07-21T16:59:48+00:00\",\"dateModified\":\"2024-07-21T16:59:48+00:00\",\"breadcrumb\":{\"@id\":\"https:\/\/drutex-ltd.com\/en\/about-us\/#breadcrumb\"},\"inLanguage\":\"en-US\",\"potentialAction\":[{\"@type\":\"ReadAction\",\"target\":[\"https:\/\/drutex-ltd.com\/en\/about-us\/\"]}]},{\"@type\":\"BreadcrumbList\",\"@id\":\"https:\/\/drutex-ltd.com\/en\/about-us\/#breadcrumb\",\"itemListElement\":[{\"@type\":\"ListItem\",\"position\":1,\"name\":\"Kezd\u0151lap\",\"item\":\"https:\/\/drutex-ltd.com\/en\/\"},{\"@type\":\"ListItem\",\"position\":2,\"name\":\"About us\"}]},{\"@type\":\"WebSite\",\"@id\":\"https:\/\/drutex-ltd.com\/en\/#website\",\"url\":\"https:\/\/drutex-ltd.com\/en\/\",\"name\":\"Drutex\",\"description\":\"Min\u0151s\u00e9gi term\u00e9kek j\u00f3 \u00e1ron \u00e9s GYORSAN! DRUTEX Eur\u00f3pa egyik legnagyobb ablakgy\u00e1rt\u00f3ja.\",\"potentialAction\":[{\"@type\":\"SearchAction\",\"target\":{\"@type\":\"EntryPoint\",\"urlTemplate\":\"https:\/\/drutex-ltd.com\/en\/?s={search_term_string}\"},\"query-input\":\"required name=search_term_string\"}],\"inLanguage\":\"en-US\"}]}<\/script>\n<!-- \/ Yoast SEO plugin. -->","yoast_head_json":{"title":"About us - Drutex","robots":{"index":"index","follow":"follow","max-snippet":"max-snippet:-1","max-image-preview":"max-image-preview:large","max-video-preview":"max-video-preview:-1"},"canonical":"https:\/\/drutex-ltd.com\/en\/about-us\/","og_locale":"en_US","og_type":"article","og_title":"About us - Drutex","og_description":"Company information DRUTEX Ltd. has been selling DRUTEX windows and doors for more than 16 years. The parent company, DRUTEX S.A., is one of Europe&#8217;s largest manufacturers of doors and windows, and is a prominent player in the market with its high-quality products and decades of experience. DRUTEX Ltd. aims to achieve the highest level [&hellip;]","og_url":"https:\/\/drutex-ltd.com\/en\/about-us\/","og_site_name":"Drutex","twitter_card":"summary_large_image","twitter_misc":{"Est. reading time":"1 minute"},"schema":{"@context":"https:\/\/schema.org","@graph":[{"@type":"WebPage","@id":"https:\/\/drutex-ltd.com\/en\/about-us\/","url":"https:\/\/drutex-ltd.com\/en\/about-us\/","name":"About us - Drutex","isPartOf":{"@id":"https:\/\/drutex-ltd.com\/en\/#website"},"datePublished":"2024-07-21T16:59:48+00:00","dateModified":"2024-07-21T16:59:48+00:00","breadcrumb":{"@id":"https:\/\/drutex-ltd.com\/en\/about-us\/#breadcrumb"},"inLanguage":"en-US","potentialAction":[{"@type":"ReadAction","target":["https:\/\/drutex-ltd.com\/en\/about-us\/"]}]},{"@type":"BreadcrumbList","@id":"https:\/\/drutex-ltd.com\/en\/about-us\/#breadcrumb","itemListElement":[{"@type":"ListItem","position":1,"name":"Kezd\u0151lap","item":"https:\/\/drutex-ltd.com\/en\/"},{"@type":"ListItem","position":2,"name":"About us"}]},{"@type":"WebSite","@id":"https:\/\/drutex-ltd.com\/en\/#website","url":"https:\/\/drutex-ltd.com\/en\/","name":"Drutex","description":"Min\u0151s\u00e9gi term\u00e9kek j\u00f3 \u00e1ron \u00e9s GYORSAN! DRUTEX Eur\u00f3pa egyik legnagyobb ablakgy\u00e1rt\u00f3ja.","potentialAction":[{"@type":"SearchAction","target":{"@type":"EntryPoint","urlTemplate":"https:\/\/drutex-ltd.com\/en\/?s={search_term_string}"},"query-input":"required name=search_term_string"}],"inLanguage":"en-US"}]}},"_links":{"self":[{"href":"https:\/\/drutex-ltd.com\/en\/wp-json\/wp\/v2\/pages\/5672","targetHints":{"allow":["GET"]}}],"collection":[{"href":"https:\/\/drutex-ltd.com\/en\/wp-json\/wp\/v2\/pages"}],"about":[{"href":"https:\/\/drutex-ltd.com\/en\/wp-json\/wp\/v2\/types\/page"}],"author":[{"embeddable":true,"href":"https:\/\/drutex-ltd.com\/en\/wp-json\/wp\/v2\/users\/3"}],"replies":[{"embeddable":true,"href":"https:\/\/drutex-ltd.com\/en\/wp-json\/wp\/v2\/comments?post=5672"}],"version-history":[{"count":1,"href":"https:\/\/drutex-ltd.com\/en\/wp-json\/wp\/v2\/pages\/5672\/revisions"}],"predecessor-version":[{"id":5673,"href":"https:\/\/drutex-ltd.com\/en\/wp-json\/wp\/v2\/pages\/5672\/revisions\/5673"}],"wp:attachment":[{"href":"https:\/\/drutex-ltd.com\/en\/wp-json\/wp\/v2\/media?parent=5672"}],"curies":[{"name":"wp","href":"https:\/\/api.w.org\/{rel}","templated":true}]}}